{"id":72,"date":"2022-04-02T06:22:14","date_gmt":"2022-04-02T06:22:14","guid":{"rendered":"https:\/\/dihome.pt\/about-us\/"},"modified":"2024-10-31T14:25:59","modified_gmt":"2024-10-31T14:25:59","slug":"about-us","status":"publish","type":"page","link":"https:\/\/dihome.pt\/pt\/about-us\/","title":{"rendered":"Sobre n\u00f3s"},"content":{"rendered":"<div class=\"wp-block-uagb-container uagb-block-44b414af alignfull uagb-is-root-container\"><div class=\"uagb-container-inner-blocks-wrap\"><h2 class=\"wp-block-heading has-text-align-center has-ast-global-color-5-color has-text-color has-link-color wp-elements-48f25aec1b75f4b86f6338fd0938bf58\" style=\"margin-top:0px;margin-bottom:0px;padding-top:0px;padding-right:0px;padding-bottom:0px;padding-left:0px\">SHOWROOM <\/h2>\n\n<h4 class=\"wp-block-heading has-text-align-center has-white-color has-text-color has-link-color wp-elements-87e182e94670e4e38ab370f9c5e4ae7a\" style=\"margin-top:var(--wp--preset--spacing--20);margin-bottom:var(--wp--preset--spacing--20);font-size:23px\">NO PORTO, PORTUGAL<\/h4><\/div><\/div><div class=\"wp-block-uagb-container uagb-block-87cc6d26 alignfull uagb-is-root-container\"><div class=\"uagb-container-inner-blocks-wrap\"><div class=\"wp-block-uagb-container uagb-block-39e4c94f\"><div data-aos= \"fade-down\" data-aos-duration=\"400\" data-aos-delay=\"0\" data-aos-easing=\"ease\" data-aos-once=\"true\" class=\"wp-block-uagb-advanced-heading uagb-block-a2a5f870\"><h4 class=\"uagb-heading-text\">A DIHOME Interiors \u00e9 uma das marcas pertencentes ao \u201cGrupo LE Brands\u201d, com foco no mercado internacional.<\/h4><\/div>\n\n<div data-aos= \"fade-up\" data-aos-duration=\"400\" data-aos-delay=\"0\" data-aos-easing=\"ease\" data-aos-once=\"true\" class=\"wp-block-uagb-advanced-heading uagb-block-82819cc6\"><h4 class=\"uagb-heading-text\"><br>A marca \u00e9 especializada no fabrico de mobili\u00e1rio e estofos, proporcionando efici\u00eancia e resposta integral a diversos projetos.\u200b<\/h4><\/div><\/div>\n\n<div class=\"wp-block-uagb-container uagb-block-fe165ae2\"><div class=\"wp-block-uagb-info-box uagb-block-cfc7c084 uagb-infobox__content-wrap  uagb-infobox-icon-above-title uagb-infobox-image-valign-top\"><div class=\"uagb-ifb-content\"><div class=\"uagb-ifb-title-wrap\"><\/div><p class=\"uagb-ifb-desc\">A DIHOME desenvolve conceitos que envolvem luxo e modernidade, visando satisfazer o prazer do conforto em harmonia com o requinte, eleg\u00e2ncia e sofistica\u00e7\u00e3o de uma casa. Com uma equipa composta por arquitetos e designers, a DIHOME cria produtos de elevada qualidade num projeto de design complexo e profundo. O objetivo final \u00e9 apresentar ao cliente um produto \u00fanico e original.<br>Dispomos de um showroom onde est\u00e3o expostos alguns dos nossos produtos, permitindo ao cliente visualizar a qualidade, design e materiais dispon\u00edveis para cada projeto.<br>Com uma vasta experi\u00eancia ao longo de muitos anos na produ\u00e7\u00e3o de mobili\u00e1rio e estofos de elevada qualidade, a DIHOME destaca-se pela dedica\u00e7\u00e3o, cuidado e aten\u00e7\u00e3o especial aos detalhes.produzidos exclusivamente em Portugal.<br>A DIHOME Interiores apresenta orgulhosamente produtos de design \u00fanico e de qualidade superior, todos produzidos exclusivamente em Portugal.<\/p><\/div><\/div><\/div><\/div><\/div><div class=\"wp-block-uagb-container uagb-block-5d1ebe48 alignfull uagb-is-root-container\"><div class=\"wp-block-uagb-container uagb-block-d0f8caee\"><div data-aos= \"fade-right\" data-aos-duration=\"400\" data-aos-delay=\"0\" data-aos-easing=\"ease\" data-aos-once=\"true\" class=\"wp-block-uagb-image uagb-block-21c6d318 wp-block-uagb-image--layout-default wp-block-uagb-image--effect-static wp-block-uagb-image--align-none\"><figure class=\"wp-block-uagb-image__figure\"><img decoding=\"async\" srcset=\"https:\/\/dihome.pt\/wp-content\/uploads\/2024\/02\/design-3d-min-1024x576.jpeg ,https:\/\/dihome.pt\/wp-content\/uploads\/2024\/02\/design-3d-min.jpeg 780w, https:\/\/dihome.pt\/wp-content\/uploads\/2024\/02\/design-3d-min.jpeg 360w\" sizes=\"auto, (max-width: 480px) 150px\" src=\"https:\/\/dihome.pt\/wp-content\/uploads\/2024\/02\/design-3d-min-1024x576.jpeg\" alt=\"design 3d\" class=\"uag-image-1441\" width=\"1024\" height=\"576\" title=\"\" loading=\"lazy\" role=\"img\"\/><\/figure><\/div><\/div>\n\n<div class=\"wp-block-uagb-container uagb-block-4a52212e\"><div class=\"wp-block-uagb-container uagb-block-c5c0be33\"><div class=\"wp-block-uagb-advanced-heading uagb-block-24dbe827\"><h2 class=\"uagb-heading-text\">Design 3D<\/h2><p class=\"uagb-desc-text\">Pr\u00e9-visualiza\u00e7\u00e3o 3D<\/p><\/div>\n\n<div class=\"wp-block-uagb-info-box uagb-block-54072360 uagb-infobox__content-wrap  uagb-infobox-icon-above-title uagb-infobox-image-valign-top\"><div class=\"uagb-ifb-content\"><div class=\"uagb-ifb-title-wrap\"><\/div><p class=\"uagb-ifb-desc\">Na DIHOME o processo de design de interiores passa por v\u00e1rias fases, envolvendo um trabalho conceptual extremamente exigente e \u00fanico que exige um estudo aprofundado de todo o espa\u00e7o e da sua funcionalidade. Cada detalhe \u00e9 cuidadosamente pensado com rigor e dedica\u00e7\u00e3o.<br><br>Ao abordar os interiores de uma resid\u00eancia, o nosso objetivo n\u00e3o \u00e9 apenas conforto, mas tamb\u00e9m eleg\u00e2ncia. O desenho conceptual \u00e9 uma combina\u00e7\u00e3o de desenhos 2D e 3D, resultando num projeto \u00fanico para cada cliente. Apresentamos aos clientes imagens altamente realistas que permitem visualizar os nossos m\u00f3veis e estofos no contexto do ambiente residencial.\"<\/p><\/div><\/div><\/div><\/div><\/div><div class=\"wp-block-uagb-container uagb-block-9cb62e5d alignfull uagb-is-root-container\"><div class=\"uagb-container-inner-blocks-wrap\"><h2 class=\"wp-block-heading has-text-align-center has-ast-global-color-8-color has-text-color has-link-color wp-elements-34bbbe5004ad862eebfe0be8ec977b22\" style=\"margin-top:0px;margin-bottom:0px;padding-top:0px;padding-right:0px;padding-bottom:0px;padding-left:0px\">PRODU\u00c7\u00c3O<\/h2>\n\n<h4 class=\"wp-block-heading has-text-align-center has-ast-global-color-8-color has-text-color has-link-color wp-elements-ac26d2cd795cde566b972800b5ee8921\" style=\"margin-top:var(--wp--preset--spacing--20);margin-bottom:var(--wp--preset--spacing--60);font-size:21px\">MOBILI\u00c1RIO E ESTOFAMENTO<\/h4><\/div><\/div><div class=\"wp-block-uagb-container uagb-block-dc94fd13 alignfull uagb-is-root-container\"><div class=\"uagb-container-inner-blocks-wrap\"><div class=\"wp-block-uagb-container uagb-block-8d1216d1\"><div class=\"wp-block-uagb-image alignright uagb-block-6ac3dc67 wp-block-uagb-image--layout-default wp-block-uagb-image--effect-static wp-block-uagb-image--align-right\"><figure class=\"wp-block-uagb-image__figure\"><img decoding=\"async\" srcset=\"https:\/\/dihome.pt\/wp-content\/uploads\/2024\/02\/production-1.2.jpg ,https:\/\/dihome.pt\/wp-content\/uploads\/2024\/02\/production-1.2.jpg 780w, https:\/\/dihome.pt\/wp-content\/uploads\/2024\/02\/production-1.2.jpg 360w\" sizes=\"auto, (max-width: 480px) 150px\" src=\"https:\/\/dihome.pt\/wp-content\/uploads\/2024\/02\/production-1.2.jpg\" alt=\"\" class=\"uag-image-1461\" width=\"400\" height=\"267\" title=\"\" loading=\"lazy\" role=\"img\"\/><\/figure><\/div><\/div>\n\n<div class=\"wp-block-uagb-container uagb-block-d84679bf\"><figure class=\"wp-block-image size-full\"><img loading=\"lazy\" decoding=\"async\" width=\"940\" height=\"400\" src=\"https:\/\/dihome.pt\/wp-content\/uploads\/2024\/02\/production-2.2.jpg\" alt=\"\" class=\"wp-image-1459\" style=\"object-fit:cover\" srcset=\"https:\/\/dihome.pt\/wp-content\/uploads\/2024\/02\/production-2.2.jpg 940w, https:\/\/dihome.pt\/wp-content\/uploads\/2024\/02\/production-2.2-300x128.jpg 300w, https:\/\/dihome.pt\/wp-content\/uploads\/2024\/02\/production-2.2-768x327.jpg 768w, https:\/\/dihome.pt\/wp-content\/uploads\/2024\/02\/production-2.2-600x255.jpg 600w\" sizes=\"auto, (max-width: 940px) 100vw, 940px\" \/><\/figure><\/div>\n\n<div class=\"wp-block-uagb-container uagb-block-855dadc8\"><div class=\"wp-block-uagb-image alignleft uagb-block-2bfb54d5 wp-block-uagb-image--layout-default wp-block-uagb-image--effect-static wp-block-uagb-image--align-left\"><figure class=\"wp-block-uagb-image__figure\"><img decoding=\"async\" srcset=\"https:\/\/dihome.pt\/wp-content\/uploads\/2024\/02\/production-3.2.jpg ,https:\/\/dihome.pt\/wp-content\/uploads\/2024\/02\/production-3.2.jpg 780w, https:\/\/dihome.pt\/wp-content\/uploads\/2024\/02\/production-3.2.jpg 360w\" sizes=\"auto, (max-width: 480px) 150px\" src=\"https:\/\/dihome.pt\/wp-content\/uploads\/2024\/02\/production-3.2.jpg\" alt=\"\" class=\"uag-image-1463\" width=\"400\" height=\"267\" title=\"\" loading=\"lazy\" role=\"img\"\/><\/figure><\/div><\/div><\/div><\/div><div class=\"wp-block-uagb-container uagb-block-22aae675 alignfull uagb-is-root-container\"><div class=\"uagb-container-inner-blocks-wrap\"><div class=\"wp-block-uagb-info-box uagb-block-690eb9de uagb-infobox__content-wrap  uagb-infobox-icon-above-title uagb-infobox-image-valign-top\"><div class=\"uagb-ifb-content\"><div class=\"uagb-ifb-title-wrap\"><h2 class=\"uagb-ifb-title\">A DIHOME faz parte de uma empresa especializada na produ\u00e7\u00e3o de mobili\u00e1rio, carpintaria e estofos.<\/h2><\/div><p class=\"uagb-ifb-desc\"> Temos ampla experi\u00eancia na presta\u00e7\u00e3o de servi\u00e7os eficientes e de alta qualidade, desde a produ\u00e7\u00e3o de m\u00f3veis at\u00e9 a montagem, e projetos de design de interiores em colabora\u00e7\u00e3o com renomeados arquitetos e designers de interiores para resid\u00eancias em todo o mundo.<br>A DIHOME disp\u00f5e de equipas de profissionais altamente qualificados, sempre focados em alcan\u00e7ar o melhor desempenho e a total satisfa\u00e7\u00e3o do cliente. Estamos preparados para oferecer um servi\u00e7o de excel\u00eancia, apresentando os projetos mais modernos, contempor\u00e2neos ou luxuosos.<\/p><\/div><\/div><\/div><\/div>","protected":false},"excerpt":{"rendered":"<p>SHOWROOM IN OPORTO PORTUGAL DIHOME Interiors is one of the brands belonging to the &#8220;LE Brands Group,&#8221; with a focus on the international market. The brand specializes in manufacturing furniture and upholstery, providing efficiency and a comprehensive response to various projects.\u200b Design 3D 3D Preview PRODUCTION FURNITURE &amp; UPHOLSTERY<\/p>","protected":false},"author":2,"featured_media":0,"parent":0,"menu_order":0,"comment_status":"closed","ping_status":"closed","template":"","meta":{"_uag_custom_page_level_css":"","_monsterinsights_skip_tracking":false,"_monsterinsights_sitenote_active":false,"_monsterinsights_sitenote_note":"","_monsterinsights_sitenote_category":0,"site-sidebar-layout":"no-sidebar","site-content-layout":"page-builder","ast-site-content-layout":"full-width-container","site-content-style":"unboxed","site-sidebar-style":"unboxed","ast-global-header-display":"","ast-banner-title-visibility":"","ast-main-header-display":"","ast-hfb-above-header-display":"","ast-hfb-below-header-display":"","ast-hfb-mobile-header-display":"","site-post-title":"disabled","ast-breadcrumbs-content":"","ast-featured-img":"disabled","footer-sml-layout":"","theme-transparent-header-meta":"","adv-header-id-meta":"","stick-header-meta":"","header-above-stick-meta":"","header-main-stick-meta":"","header-below-stick-meta":"","astra-migrate-meta-layouts":"set","ast-page-background-enabled":"default","ast-page-background-meta":{"desktop":{"background-color":"var(--ast-global-color-4)","background-image":"","background-repeat":"repeat","background-position":"center center","background-size":"auto","background-attachment":"scroll","background-type":"","background-media":"","overlay-type":"","overlay-color":"","overlay-opacity":"","overlay-gradient":""},"tablet":{"background-color":"","background-image":"","background-repeat":"repeat","background-position":"center center","background-size":"auto","background-attachment":"scroll","background-type":"","background-media":"","overlay-type":"","overlay-color":"","overlay-opacity":"","overlay-gradient":""},"mobile":{"background-color":"","background-image":"","background-repeat":"repeat","background-position":"center center","background-size":"auto","background-attachment":"scroll","background-type":"","background-media":"","overlay-type":"","overlay-color":"","overlay-opacity":"","overlay-gradient":""}},"ast-content-background-meta":{"desktop":{"background-color":"var(--ast-global-color-5)","background-image":"","background-repeat":"repeat","background-position":"center center","background-size":"auto","background-attachment":"scroll","background-type":"","background-media":"","overlay-type":"","overlay-color":"","overlay-opacity":"","overlay-gradient":""},"tablet":{"background-color":"var(--ast-global-color-5)","background-image":"","background-repeat":"repeat","background-position":"center center","background-size":"auto","background-attachment":"scroll","background-type":"","background-media":"","overlay-type":"","overlay-color":"","overlay-opacity":"","overlay-gradient":""},"mobile":{"background-color":"var(--ast-global-color-5)","background-image":"","background-repeat":"repeat","background-position":"center center","background-size":"auto","background-attachment":"scroll","background-type":"","background-media":"","overlay-type":"","overlay-color":"","overlay-opacity":"","overlay-gradient":""}},"footnotes":""},"class_list":["post-72","page","type-page","status-publish","hentry"],"yoast_head":"<!-- This site is optimized with the Yoast SEO plugin v24.4 - https:\/\/yoast.com\/wordpress\/plugins\/seo\/ -->\n<title>About Us - Dihome<\/title>\n<meta name=\"description\" content=\"DIHOME Interiors is one of the brands belonging to the &quot;LE Brands Group,&quot; with a focus on the international market.\" \/>\n<meta name=\"robots\" content=\"index, follow, max-snippet:-1, max-image-preview:large, max-video-preview:-1\" \/>\n<link rel=\"canonical\" href=\"https:\/\/dihome.pt\/pt\/about-us\/\" \/>\n<meta property=\"og:locale\" content=\"pt_PT\" \/>\n<meta property=\"og:type\" content=\"article\" \/>\n<meta property=\"og:title\" content=\"About Us - Dihome\" \/>\n<meta property=\"og:description\" content=\"DIHOME Interiors is one of the brands belonging to the &quot;LE Brands Group,&quot; with a focus on the international market.\" \/>\n<meta property=\"og:url\" content=\"https:\/\/dihome.pt\/pt\/about-us\/\" \/>\n<meta property=\"og:site_name\" content=\"Dihome\" \/>\n<meta property=\"article:publisher\" content=\"https:\/\/www.facebook.com\/dihome.interiores\" \/>\n<meta property=\"article:modified_time\" content=\"2024-10-31T14:25:59+00:00\" \/>\n<meta property=\"og:image\" content=\"https:\/\/dihome.pt\/wp-content\/uploads\/2024\/02\/design-3d-min-1024x576.jpeg\" \/>\n<meta name=\"twitter:card\" content=\"summary_large_image\" \/>\n<meta name=\"twitter:label1\" content=\"Tempo estimado de leitura\" \/>\n\t<meta name=\"twitter:data1\" content=\"3 minutos\" \/>\n<script type=\"application\/ld+json\" class=\"yoast-schema-graph\">{\"@context\":\"https:\/\/schema.org\",\"@graph\":[{\"@type\":\"WebPage\",\"@id\":\"https:\/\/dihome.pt\/about-us\/\",\"url\":\"https:\/\/dihome.pt\/about-us\/\",\"name\":\"About Us - Dihome\",\"isPartOf\":{\"@id\":\"https:\/\/dihome.pt\/#website\"},\"primaryImageOfPage\":{\"@id\":\"https:\/\/dihome.pt\/about-us\/#primaryimage\"},\"image\":{\"@id\":\"https:\/\/dihome.pt\/about-us\/#primaryimage\"},\"thumbnailUrl\":\"https:\/\/dihome.pt\/wp-content\/uploads\/2024\/02\/design-3d-min-1024x576.jpeg\",\"datePublished\":\"2022-04-02T06:22:14+00:00\",\"dateModified\":\"2024-10-31T14:25:59+00:00\",\"description\":\"DIHOME Interiors is one of the brands belonging to the \\\"LE Brands Group,\\\" with a focus on the international market.\",\"breadcrumb\":{\"@id\":\"https:\/\/dihome.pt\/about-us\/#breadcrumb\"},\"inLanguage\":\"pt-PT\",\"potentialAction\":[{\"@type\":\"ReadAction\",\"target\":[\"https:\/\/dihome.pt\/about-us\/\"]}]},{\"@type\":\"ImageObject\",\"inLanguage\":\"pt-PT\",\"@id\":\"https:\/\/dihome.pt\/about-us\/#primaryimage\",\"url\":\"https:\/\/dihome.pt\/wp-content\/uploads\/2024\/02\/design-3d-min-1024x576.jpeg\",\"contentUrl\":\"https:\/\/dihome.pt\/wp-content\/uploads\/2024\/02\/design-3d-min-1024x576.jpeg\"},{\"@type\":\"BreadcrumbList\",\"@id\":\"https:\/\/dihome.pt\/about-us\/#breadcrumb\",\"itemListElement\":[{\"@type\":\"ListItem\",\"position\":1,\"name\":\"Home\",\"item\":\"https:\/\/dihome.pt\/\"},{\"@type\":\"ListItem\",\"position\":2,\"name\":\"About Us\"}]},{\"@type\":\"WebSite\",\"@id\":\"https:\/\/dihome.pt\/#website\",\"url\":\"https:\/\/dihome.pt\/\",\"name\":\"Dihome Website\",\"description\":\"DIHOME Interiors specializes in manufacturing furniture and upholstery, providing efficiency and a comprehensive response to various projects.\",\"publisher\":{\"@id\":\"https:\/\/dihome.pt\/#organization\"},\"potentialAction\":[{\"@type\":\"SearchAction\",\"target\":{\"@type\":\"EntryPoint\",\"urlTemplate\":\"https:\/\/dihome.pt\/?s={search_term_string}\"},\"query-input\":{\"@type\":\"PropertyValueSpecification\",\"valueRequired\":true,\"valueName\":\"search_term_string\"}}],\"inLanguage\":\"pt-PT\"},{\"@type\":\"Organization\",\"@id\":\"https:\/\/dihome.pt\/#organization\",\"name\":\"Dihome interiores\",\"url\":\"https:\/\/dihome.pt\/\",\"logo\":{\"@type\":\"ImageObject\",\"inLanguage\":\"pt-PT\",\"@id\":\"https:\/\/dihome.pt\/#\/schema\/logo\/image\/\",\"url\":\"https:\/\/dihome.pt\/wp-content\/uploads\/2024\/01\/dihome-new-black-menu.png\",\"contentUrl\":\"https:\/\/dihome.pt\/wp-content\/uploads\/2024\/01\/dihome-new-black-menu.png\",\"width\":210,\"height\":72,\"caption\":\"Dihome interiores\"},\"image\":{\"@id\":\"https:\/\/dihome.pt\/#\/schema\/logo\/image\/\"},\"sameAs\":[\"https:\/\/www.facebook.com\/dihome.interiores\",\"https:\/\/www.instagram.com\/dihome_interiores\",\"https:\/\/www.linkedin.com\/company\/dihome-interiores\/\"]}]}<\/script>\n<!-- \/ Yoast SEO plugin. -->","yoast_head_json":{"title":"About Us - Dihome","description":"DIHOME Interiors is one of the brands belonging to the \"LE Brands Group,\" with a focus on the international market.","robots":{"index":"index","follow":"follow","max-snippet":"max-snippet:-1","max-image-preview":"max-image-preview:large","max-video-preview":"max-video-preview:-1"},"canonical":"https:\/\/dihome.pt\/pt\/about-us\/","og_locale":"pt_PT","og_type":"article","og_title":"About Us - Dihome","og_description":"DIHOME Interiors is one of the brands belonging to the \"LE Brands Group,\" with a focus on the international market.","og_url":"https:\/\/dihome.pt\/pt\/about-us\/","og_site_name":"Dihome","article_publisher":"https:\/\/www.facebook.com\/dihome.interiores","article_modified_time":"2024-10-31T14:25:59+00:00","og_image":[{"url":"https:\/\/dihome.pt\/wp-content\/uploads\/2024\/02\/design-3d-min-1024x576.jpeg","type":"","width":"","height":""}],"twitter_card":"summary_large_image","twitter_misc":{"Tempo estimado de leitura":"3 minutos"},"schema":{"@context":"https:\/\/schema.org","@graph":[{"@type":"WebPage","@id":"https:\/\/dihome.pt\/about-us\/","url":"https:\/\/dihome.pt\/about-us\/","name":"About Us - Dihome","isPartOf":{"@id":"https:\/\/dihome.pt\/#website"},"primaryImageOfPage":{"@id":"https:\/\/dihome.pt\/about-us\/#primaryimage"},"image":{"@id":"https:\/\/dihome.pt\/about-us\/#primaryimage"},"thumbnailUrl":"https:\/\/dihome.pt\/wp-content\/uploads\/2024\/02\/design-3d-min-1024x576.jpeg","datePublished":"2022-04-02T06:22:14+00:00","dateModified":"2024-10-31T14:25:59+00:00","description":"DIHOME Interiors is one of the brands belonging to the \"LE Brands Group,\" with a focus on the international market.","breadcrumb":{"@id":"https:\/\/dihome.pt\/about-us\/#breadcrumb"},"inLanguage":"pt-PT","potentialAction":[{"@type":"ReadAction","target":["https:\/\/dihome.pt\/about-us\/"]}]},{"@type":"ImageObject","inLanguage":"pt-PT","@id":"https:\/\/dihome.pt\/about-us\/#primaryimage","url":"https:\/\/dihome.pt\/wp-content\/uploads\/2024\/02\/design-3d-min-1024x576.jpeg","contentUrl":"https:\/\/dihome.pt\/wp-content\/uploads\/2024\/02\/design-3d-min-1024x576.jpeg"},{"@type":"BreadcrumbList","@id":"https:\/\/dihome.pt\/about-us\/#breadcrumb","itemListElement":[{"@type":"ListItem","position":1,"name":"Home","item":"https:\/\/dihome.pt\/"},{"@type":"ListItem","position":2,"name":"About Us"}]},{"@type":"WebSite","@id":"https:\/\/dihome.pt\/#website","url":"https:\/\/dihome.pt\/","name":"Dihome Website","description":"DIHOME Interiors specializes in manufacturing furniture and upholstery, providing efficiency and a comprehensive response to various projects.","publisher":{"@id":"https:\/\/dihome.pt\/#organization"},"potentialAction":[{"@type":"SearchAction","target":{"@type":"EntryPoint","urlTemplate":"https:\/\/dihome.pt\/?s={search_term_string}"},"query-input":{"@type":"PropertyValueSpecification","valueRequired":true,"valueName":"search_term_string"}}],"inLanguage":"pt-PT"},{"@type":"Organization","@id":"https:\/\/dihome.pt\/#organization","name":"Dihome interiores","url":"https:\/\/dihome.pt\/","logo":{"@type":"ImageObject","inLanguage":"pt-PT","@id":"https:\/\/dihome.pt\/#\/schema\/logo\/image\/","url":"https:\/\/dihome.pt\/wp-content\/uploads\/2024\/01\/dihome-new-black-menu.png","contentUrl":"https:\/\/dihome.pt\/wp-content\/uploads\/2024\/01\/dihome-new-black-menu.png","width":210,"height":72,"caption":"Dihome interiores"},"image":{"@id":"https:\/\/dihome.pt\/#\/schema\/logo\/image\/"},"sameAs":["https:\/\/www.facebook.com\/dihome.interiores","https:\/\/www.instagram.com\/dihome_interiores","https:\/\/www.linkedin.com\/company\/dihome-interiores\/"]}]}},"uagb_featured_image_src":{"full":false,"thumbnail":false,"medium":false,"medium_large":false,"large":false,"1536x1536":false,"2048x2048":false,"trp-custom-language-flag":false,"woocommerce_thumbnail":false,"woocommerce_single":false,"woocommerce_gallery_thumbnail":false},"uagb_author_info":{"display_name":"Hugoadmin","author_link":"https:\/\/dihome.pt\/pt\/author\/hugoadmin\/"},"uagb_comment_info":0,"uagb_excerpt":"SHOWROOM IN OPORTO PORTUGAL DIHOME Interiors is one of the brands belonging to the &#8220;LE Brands Group,&#8221; with a focus on the international market. The brand specializes in manufacturing furniture and upholstery, providing efficiency and a comprehensive response to various projects.\u200b Design 3D 3D Preview PRODUCTION FURNITURE &amp; UPHOLSTERY","_links":{"self":[{"href":"https:\/\/dihome.pt\/pt\/wp-json\/wp\/v2\/pages\/72","targetHints":{"allow":["GET"]}}],"collection":[{"href":"https:\/\/dihome.pt\/pt\/wp-json\/wp\/v2\/pages"}],"about":[{"href":"https:\/\/dihome.pt\/pt\/wp-json\/wp\/v2\/types\/page"}],"author":[{"embeddable":true,"href":"https:\/\/dihome.pt\/pt\/wp-json\/wp\/v2\/users\/2"}],"replies":[{"embeddable":true,"href":"https:\/\/dihome.pt\/pt\/wp-json\/wp\/v2\/comments?post=72"}],"version-history":[{"count":29,"href":"https:\/\/dihome.pt\/pt\/wp-json\/wp\/v2\/pages\/72\/revisions"}],"predecessor-version":[{"id":3041,"href":"https:\/\/dihome.pt\/pt\/wp-json\/wp\/v2\/pages\/72\/revisions\/3041"}],"wp:attachment":[{"href":"https:\/\/dihome.pt\/pt\/wp-json\/wp\/v2\/media?parent=72"}],"curies":[{"name":"wp","href":"https:\/\/api.w.org\/{rel}","templated":true}]}}